{"id":85,"date":"2014-09-10T08:27:24","date_gmt":"2014-09-10T06:27:24","guid":{"rendered":"http:\/\/www.nibra.at\/BETA\/?page_id=85"},"modified":"2022-05-09T12:39:18","modified_gmt":"2022-05-09T11:39:18","slug":"datenschutzbestimmungen","status":"publish","type":"page","link":"https:\/\/www.nibra.at\/it\/datenschutzbestimmungen\/","title":{"rendered":"Disposizioni in materia di protezione dei dati"},"content":{"rendered":"<p><a href=\"https:\/\/www.nibra.at\/datenschutzbestimmungen\/\">Disposizioni in materia di protezione dei dati<\/a><\/p>\n<p>[vc_row][vc_column][vc_column_text]<\/p>\n<h3 style=\"text-align: left;\">Informazioni generali:<\/h3>\n<p>In generale l\u2019utilizzo del nostro sito web \u00e8 possibile senza indicare dati personali. L\u2019eventuale raccolta di dati personali sulle nostre pagine (per esempio nome, recapito o indirizzi di posta elettronica) avviene sempre, per quanto possibile, su base volontaria. Tali dati non verranno inoltrati a terzi senza il vostro espresso consenso.<br \/>\nVi segnaliamo che la trasmissione di dati in Internet (ad es. nel caso della comunicazione tramite posta elettronica) pu\u00f2 presentare delle lacune in materia di sicurezza. Non \u00e8 possibile proteggere completamente i dati dall\u2019accesso da parte di terzi.<br \/>\nCon la presente \u00e8 espressamente precluso l\u2019utilizzo dei dati di contatto pubblicati in ottemperanza al nostro obbligo di pubblicazione del colophon ai fini della spedizione di pubblicit\u00e0 e materiale informativo non esplicitamente richiesti. I gestori del sito si riservano espressamente la facolt\u00e0 di intraprendere azioni legali in caso di invio non richiesto di informazioni pubblicitarie, per esempio mediante spamming attraverso la posta elettronica.<\/p>\n<h3 style=\"text-align: left;\"><\/h3>\n<h3 style=\"text-align: left;\">Informativa sulla tutela dei dati per l\u2019utilizzo di Google Analytics:<\/h3>\n<p>Il presente sito web utilizza Google Analytics, un servizio di analisi web fornito da Google Inc. (\u201cGoogle\u201d). Google Analytics usa i cosiddetti \u201ccookie\u201d, file di testo che rimangono memorizzati sul vostro computer per consentire l\u2019analisi del vostro utilizzo del sito web. Le informazioni sul vostro utilizzo di questo sito web generate dai cookie sono generalmente trasmesse e archiviate su un server di Google negli USA. In caso di attivazione dell\u2019anonimizzazione dell\u2019IP sul presente sito web, il vostro indirizzo IP viene tuttavia in un primo momento abbreviato da Google all\u2019interno dei Paesi membri dell\u2019Unione Europea o in altri stati contraenti dell\u2019Accordo sullo Spazio economico europeo.<\/p>\n<p>Soltanto in casi eccezionali l\u2019intero indirizzo IP viene trasmesso a un server di Google negli USA e l\u00ec abbreviato. Su incarico del gestore del presente sito web, Google utilizzer\u00e0 tali informazioni per analizzare il vostro uso del sito, per creare report sulle attivit\u00e0 che riguardano il sito e per fornire al gestore del sito ulteriori servizi connessi all\u2019utilizzo del sito web e all\u2019uso di Internet. L\u2019indirizzo IP trasmesso dal vostro browser nell\u2019ambito di Google Analytics non viene ricongiunto ad altri dati di Google.<br \/>\nPotete impedire la memorizzazione dei cookie tramite un\u2019apposita impostazione del software del browser; vi segnaliamo tuttavia che, in tal caso, alcune funzioni del presente sito potrebbero non essere pienamente utilizzabili. Potete inoltre impedire il rilevamento dei dati generati dal cookie e di quelli relativi al vostro utilizzo del sito (incluso il vostro indirizzo IP) su Google, nonch\u00e9 l\u2019elaborazione di tali dati da parte di Google, scaricando e installando il plugin per il browser disponibile al seguente link: http:\/\/tools.google.com\/dlpage\/gaoptout.<br \/>\n[\/vc_column_text][\/vc_column][\/vc_row]<\/p>","protected":false},"excerpt":{"rendered":"<p>Disposizioni in materia di protezione dei dati [vc_row][vc_column][vc_column_text] Informazioni generali: In generale l\u2019utilizzo del nostro sito web \u00e8 possibile senza indicare dati personali. L\u2019eventuale raccolta di dati personali sulle nostre pagine (per esempio nome, recapito o indirizzi di posta elettronica) avviene sempre, per quanto possibile, su base volontaria. Tali dati non verranno inoltrati a terzi&hellip;<\/p>\n","protected":false},"author":5,"featured_media":0,"parent":0,"menu_order":0,"comment_status":"closed","ping_status":"closed","template":"","meta":{"footnotes":""},"class_list":["post-85","page","type-page","status-publish","hentry","description-off"],"_links":{"self":[{"href":"https:\/\/www.nibra.at\/it\/wp-json\/wp\/v2\/pages\/85","targetHints":{"allow":["GET"]}}],"collection":[{"href":"https:\/\/www.nibra.at\/it\/wp-json\/wp\/v2\/pages"}],"about":[{"href":"https:\/\/www.nibra.at\/it\/wp-json\/wp\/v2\/types\/page"}],"author":[{"embeddable":true,"href":"https:\/\/www.nibra.at\/it\/wp-json\/wp\/v2\/users\/5"}],"replies":[{"embeddable":true,"href":"https:\/\/www.nibra.at\/it\/wp-json\/wp\/v2\/comments?post=85"}],"version-history":[{"count":17,"href":"https:\/\/www.nibra.at\/it\/wp-json\/wp\/v2\/pages\/85\/revisions"}],"predecessor-version":[{"id":1694,"href":"https:\/\/www.nibra.at\/it\/wp-json\/wp\/v2\/pages\/85\/revisions\/1694"}],"wp:attachment":[{"href":"https:\/\/www.nibra.at\/it\/wp-json\/wp\/v2\/media?parent=85"}],"curies":[{"name":"wp","href":"https:\/\/api.w.org\/{rel}","templated":true}]}}