{"id":6,"date":"2014-08-29T11:39:00","date_gmt":"2014-08-29T09:39:00","guid":{"rendered":"http:\/\/www.nibra.at\/BETA\/?page_id=6"},"modified":"2025-07-17T14:33:03","modified_gmt":"2025-07-17T13:33:03","slug":"startseite-2","status":"publish","type":"page","link":"https:\/\/www.nibra.at\/it\/","title":{"rendered":"Startseite"},"content":{"rendered":"<p>[\/vc_column_text][\/vc_column][\/vc_row][vc_row][vc_column][vc_column_text]<\/p>\n<h1 style=\"text-align: center;\">Benvenuti in NIBRA<\/h1>\n<p>[\/vc_column_text][vc_column_text]<\/p>\n<p style=\"text-align: center;\">La continua innovazione e la fiducia dei nostri clienti sono la chiave del nostro successo.<\/p>\n<p>[\/vc_column_text][\/vc_column][\/vc_row][vc_row][vc_column]<div class=\"gap\" style=\"line-height: 40px; height: 40px;\"><\/div>[\/vc_column][\/vc_row][vc_row][vc_column]<section id=\"benefits-grid-6\" class=\"benefits-grid wf-container icons-bg light-bg light-hover-bg light-icon-color light-icon-hover-color\" data-width=\"130px\" data-columns=\"4\"><style type=\"text\/css\">#benefits-grid-6.icons-bg .benefits-grid-ico { height: 70px; line-height: 70px; width: 70px; }#benefits-grid-6.icons-bg .benefits-grid-ico > i { font-size: 36px; line-height: 70px; }<\/style><div class=\"wf-cell\"><div><div class=\"text-normal\"><div class=\"benefit-line-decoration\"><span class=\"benefits-grid-ico\"><i class=\"fas fa-star\"><\/i><\/span><h4>QUALIT\u00c0 ECCELLENTE<\/h4><\/div><p>Al fine di garantirvi il massimo in termini di sicurezza, per costruire utilizziamo esclusivamente materiali di qualit\u00e0 pregiata.<\/p>\n<\/div><\/div><\/div><div class=\"wf-cell\"><div><div class=\"text-normal\"><div class=\"benefit-line-decoration\"><span class=\"benefits-grid-ico\"><i class=\"fas fa-comments\"><\/i><\/span><h4>COMUNICAZIONE EFFICACE<\/h4><\/div><p>Per noi la soddisfazione del cliente \u00e8 una priorit\u00e0 assoluta.\u00a0Per questo poniamo i vostri desideri al centro della nostra attenzione e offriamo una consulenza personalizzata.<\/p>\n<\/div><\/div><\/div><div class=\"wf-cell\"><div><div class=\"text-normal\"><div class=\"benefit-line-decoration\"><span class=\"benefits-grid-ico\"><i class=\"fas fa-wrench\"><\/i><\/span><h4>ASSISTENZA E MANUTENZIONE<\/h4><\/div><p>Ci impegniamo a effettuare la manutenzione regolare degli impianti elevatori e stiliamo un contratto di manutenzione su misura per voi.<\/p>\n<\/div><\/div><\/div><div class=\"wf-cell\"><div><div class=\"text-normal\"><div class=\"benefit-line-decoration\"><span class=\"benefits-grid-ico\"><i class=\"fas fa-sync-alt\"><\/i><\/span><h4>ASSISTENZA 24 ORE SU 24<\/h4><\/div><p>Il nostro personale addetto all\u2019assistenza, specializzato ed esperto, \u00e8 a vostra disposizione ogni giorno a qualsiasi ora.<\/p>\n<\/div><\/div><\/div><\/section>[\/vc_column][\/vc_row][vc_row][vc_column]<div class=\"gap\" style=\"line-height: 40px; height: 40px;\"><\/div>[vc_separator]<div class=\"gap\" style=\"line-height: 30px; height: 30px;\"><\/div>[\/vc_column][\/vc_row][vc_row][vc_column width=&#8221;1\/6&#8243;][vc_single_image image=&#8221;48&#8243; img_size=&#8221;full&#8221; alignment=&#8221;center&#8221; el_class=&#8221;logoset&#8221;][\/vc_column][vc_column width=&#8221;5\/6&#8243;][vc_column_text]<\/p>\n<p style=\"text-align: justify;\">La ditta NIBRA \u00e8 stata fondata nel 1994 ed \u00e8 un\u2019impresa totalmente a carattere familiare. Da oltre vent\u2019anni la nostra azienda \u00e8 sinonimo di qualit\u00e0 e affidabilit\u00e0, poich\u00e9 vi garantiamo un\u2019ideazione e realizzazione perfetta dei nostri progetti.<\/p>\n<p style=\"text-align: justify;\">Se mirate dunque all\u2019installazione di un nuovo impianto elevatore o se devono essere eseguiti lavori di manutenzione e risanamento, la nostra azione \u00e8 sempre orientata al cliente e ci rende il partner perfetto per i vostri progetti!<\/p>\n<p>[\/vc_column_text][\/vc_column][\/vc_row][vc_row][vc_column]<div class=\"gap\" style=\"line-height: 20px; height: 20px;\"><\/div>[vc_separator]<div class=\"gap\" style=\"line-height: 20px; height: 20px;\"><\/div>[\/vc_column][\/vc_row][vc_row][vc_column][vc_column_text]<\/p>\n<h2 style=\"text-align: center;\">Panoramica generale dell\u2019assortimento<\/h2>\n<p>[\/vc_column_text][vc_column_text]<\/p>\n<p style=\"text-align: center;\">Le categorie di prodotti spaziano dagli ascensori destinati al trasporto di persone alle strutture realizzate su misura per veicoli, merci o scale.<br \/>\nTutti gli impianti NIBRA garantiscono elevata funzionalit\u00e0 e affidabilit\u00e0, offrendo inoltre numerosi livelli di allestimento in grado di soddisfare<br \/>\nqualsiasi esigenza.<\/p>\n<p>[\/vc_column_text][\/vc_column][\/vc_row][vc_row][vc_column]<div class=\"gap\" style=\"line-height: 30px; height: 30px;\"><\/div>[vc_row_inner][vc_column_inner width=&#8221;1\/4&#8243;]<div class=\"ult-new-ib ult-ib-effect-style10  ult-ib-resp ult-ib2-min-height \" data-min-width=\"768\" data-max-width=\"900\" style=\"background:#0a0a0a; opacity:0; \" data-opacity=\"0.6\" data-hover-opacity=\"0.4\"  data-min-height=\"220\" ><img decoding=\"async\" class=\"ult-new-ib-img\" style=\"opacity:0.6;\" alt=\"null\" src=\"https:\/\/www.nibra.at\/wp-content\/uploads\/2014\/08\/image_gallery.jpeg\"  data-min-height=\"220\"   \/><div id=\"interactive-banner-wrap-7074\" class=\"ult-new-ib-desc\" style=\"\"><h2 class=\"ult-new-ib-title ult-responsive\"  data-ultimate-target='#interactive-banner-wrap-7074 .ult-new-ib-title'  data-responsive-json-new='{\"font-size\":\"\",\"line-height\":\"\"}'  style=\"font-weight:bold;color:#ffffff;\">Ascensori adibiti al trasporto di persone<\/h2><div class=\"ult-new-ib-content ult-responsive\"  data-ultimate-target='#interactive-banner-wrap-7074 .ult-new-ib-content'  data-responsive-json-new='{\"font-size\":\"\",\"line-height\":\"\"}'  style=\"font-weight:normal;\"><p>Impianti ben costruiti per tutti i tipi di edifici<\/p><\/div><\/div><a class=\"ult-new-ib-link\" href=\"http:\/\/www.nibra.at\/referenzen\/\" title=\"Referenzen\"  ><\/a><\/div>[\/vc_column_inner][vc_column_inner width=&#8221;1\/4&#8243;]<div class=\"ult-new-ib ult-ib-effect-style10  ult-ib-resp ult-ib2-min-height \" data-min-width=\"768\" data-max-width=\"900\" style=\"background:#0a0a0a; opacity:0; \" data-opacity=\"0.6\" data-hover-opacity=\"0.4\"  data-min-height=\"220\" ><img decoding=\"async\" class=\"ult-new-ib-img\" style=\"opacity:0.6;\" alt=\"null\" src=\"https:\/\/www.nibra.at\/wp-content\/uploads\/2014\/08\/image_gallery-1-1.jpeg\"  data-min-height=\"220\"   \/><div id=\"interactive-banner-wrap-9717\" class=\"ult-new-ib-desc\" style=\"\"><h2 class=\"ult-new-ib-title ult-responsive\"  data-ultimate-target='#interactive-banner-wrap-9717 .ult-new-ib-title'  data-responsive-json-new='{\"font-size\":\"\",\"line-height\":\"\"}'  style=\"font-weight:bold;color:#ffffff;\">Montacarichi<\/h2><div class=\"ult-new-ib-content ult-responsive\"  data-ultimate-target='#interactive-banner-wrap-9717 .ult-new-ib-content'  data-responsive-json-new='{\"font-size\":\"\",\"line-height\":\"\"}'  style=\"font-weight:normal;\"><p>Per il trasporto di merci voluminose e pesanti<\/p><\/div><\/div><a class=\"ult-new-ib-link\" href=\"http:\/\/www.nibra.at\/referenzen\/\" title=\"Referenzen\"  ><\/a><\/div>[\/vc_column_inner][vc_column_inner width=&#8221;1\/4&#8243;]<div class=\"ult-new-ib ult-ib-effect-style10  ult-ib-resp ult-ib2-min-height \" data-min-width=\"768\" data-max-width=\"900\" style=\"background:#0a0a0a; opacity:0; \" data-opacity=\"0.6\" data-hover-opacity=\"0.4\"  data-min-height=\"220\" ><img decoding=\"async\" class=\"ult-new-ib-img\" style=\"opacity:0.6;\" alt=\"null\" src=\"https:\/\/www.nibra.at\/wp-content\/uploads\/2014\/08\/autolift.jpg\"  data-min-height=\"220\"   \/><div id=\"interactive-banner-wrap-4409\" class=\"ult-new-ib-desc\" style=\"\"><h2 class=\"ult-new-ib-title ult-responsive\"  data-ultimate-target='#interactive-banner-wrap-4409 .ult-new-ib-title'  data-responsive-json-new='{\"font-size\":\"\",\"line-height\":\"\"}'  style=\"font-weight:bold;color:#ffffff;\">Montauto<\/h2><div class=\"ult-new-ib-content ult-responsive\"  data-ultimate-target='#interactive-banner-wrap-4409 .ult-new-ib-content'  data-responsive-json-new='{\"font-size\":\"\",\"line-height\":\"\"}'  style=\"font-weight:normal;\"><p>Trasporto comodo di veicoli<\/p><\/div><\/div><a class=\"ult-new-ib-link\" href=\"http:\/\/www.nibra.at\/referenzen\/\" title=\"Referenzen\"  ><\/a><\/div>[\/vc_column_inner][vc_column_inner width=&#8221;1\/4&#8243;]<div class=\"ult-new-ib ult-ib-effect-style10  ult-ib-resp ult-ib2-min-height \" data-min-width=\"768\" data-max-width=\"900\" style=\"background:#0a0a0a; opacity:0; \" data-opacity=\"0.6\" data-hover-opacity=\"0.4\"  data-min-height=\"220\" ><img decoding=\"async\" class=\"ult-new-ib-img\" style=\"opacity:0.6;\" alt=\"null\" src=\"https:\/\/www.nibra.at\/wp-content\/uploads\/2014\/08\/Fotolia_66878522_S-1.jpg\"  data-min-height=\"220\"   \/><div id=\"interactive-banner-wrap-9020\" class=\"ult-new-ib-desc\" style=\"\"><h2 class=\"ult-new-ib-title ult-responsive\"  data-ultimate-target='#interactive-banner-wrap-9020 .ult-new-ib-title'  data-responsive-json-new='{\"font-size\":\"\",\"line-height\":\"\"}'  style=\"font-weight:bold;color:#ffffff;\">Servoscale<\/h2><div class=\"ult-new-ib-content ult-responsive\"  data-ultimate-target='#interactive-banner-wrap-9020 .ult-new-ib-content'  data-responsive-json-new='{\"font-size\":\"\",\"line-height\":\"\"}'  style=\"font-weight:normal;\"><p>Superamento delle barriere architettoniche grazie a servoscale di speciale fabbricazione<\/p><\/div><\/div><a class=\"ult-new-ib-link\" href=\"http:\/\/www.nibra.at\/referenzen\/\" title=\"Referenzen\"  ><\/a><\/div>[\/vc_column_inner][\/vc_row_inner]<div class=\"gap\" style=\"line-height: 5px; height: 5px;\"><\/div>[\/vc_column][\/vc_row][vc_row][vc_column]<div class=\"gap\" style=\"line-height: 10px; height: 10px;\"><\/div>[vc_separator]<div class=\"gap\" style=\"line-height: 10px; height: 10px;\"><\/div>[\/vc_column][\/vc_row][vc_row][vc_column][vc_column_text]<\/p>\n<h2 style=\"text-align: center;\">Ci prendiamo cura delle vostre richieste<\/h2>\n<p style=\"text-align: center;\">Avete delle domande sui singoli prodotti o vi occorre una consulenza professionale?<br \/>\nPer le vostre richieste di informazioni vi preghiamo di utilizzare il modulo allegato.<\/p>\n<p>[\/vc_column_text]<div class=\"gap\" style=\"line-height: 20px; height: 20px;\"><\/div>[\/vc_column][\/vc_row][vc_row el_class=&#8221;centeralign&#8221;][vc_column]<a href=\"\/kontakt\" class=\"btn-shortcode dt-btn-m dt-btn default-btn-color default-btn-hover-color default-btn-bg-color default-btn-bg-hover-color centeralign\" id=\"dt-btn-6\"><i class=\"fa fa-arrow-circle-right\"><\/i><span>Contattateci adesso<\/span><\/a>[\/vc_column][\/vc_row][vc_row][vc_column][vc_column_text][\/vc_column_text][\/vc_column][\/vc_row][vc_row][vc_column][vc_column_text]<\/p>\n<h1 style=\"text-align: center;\">Benvenuti in NIBRA<\/h1>\n<p>[\/vc_column_text][vc_column_text]<\/p>\n<p style=\"text-align: center;\">La continua innovazione e la fiducia dei nostri clienti sono la chiave del nostro successo.<\/p>\n<p>[\/vc_column_text][\/vc_column][\/vc_row][vc_row][vc_column]<div class=\"gap\" style=\"line-height: 40px; height: 40px;\"><\/div>[\/vc_column][\/vc_row][vc_row][vc_column]<section id=\"benefits-grid-7\" class=\"benefits-grid wf-container icons-bg light-bg light-hover-bg light-icon-color light-icon-hover-color\" data-width=\"130px\" data-columns=\"4\"><style type=\"text\/css\">#benefits-grid-7.icons-bg .benefits-grid-ico { height: 70px; line-height: 70px; width: 70px; }#benefits-grid-7.icons-bg .benefits-grid-ico > i { font-size: 36px; line-height: 70px; }<\/style><div class=\"wf-cell\"><div><div class=\"text-normal\"><div class=\"benefit-line-decoration\"><span class=\"benefits-grid-ico\"><i class=\"fas fa-star\"><\/i><\/span><h4>QUALIT\u00c0 ECCELLENTE<\/h4><\/div><p>Al fine di garantirvi il massimo in termini di sicurezza, per costruire utilizziamo esclusivamente materiali di qualit\u00e0 pregiata.<\/p>\n<\/div><\/div><\/div><div class=\"wf-cell\"><div><div class=\"text-normal\"><div class=\"benefit-line-decoration\"><span class=\"benefits-grid-ico\"><i class=\"fas fa-comments\"><\/i><\/span><h4>COMUNICAZIONE EFFICACE<\/h4><\/div><p>Per noi la soddisfazione del cliente \u00e8 una priorit\u00e0 assoluta.\u00a0Per questo poniamo i vostri desideri al centro della nostra attenzione e offriamo una consulenza personalizzata.<\/p>\n<\/div><\/div><\/div><div class=\"wf-cell\"><div><div class=\"text-normal\"><div class=\"benefit-line-decoration\"><span class=\"benefits-grid-ico\"><i class=\"fas fa-wrench\"><\/i><\/span><h4>ASSISTENZA E MANUTENZIONE<\/h4><\/div><p>Ci impegniamo a effettuare la manutenzione regolare degli impianti elevatori e stiliamo un contratto di manutenzione su misura per voi.<\/p>\n<\/div><\/div><\/div><div class=\"wf-cell\"><div><div class=\"text-normal\"><div class=\"benefit-line-decoration\"><span class=\"benefits-grid-ico\"><i class=\"fas fa-sync-alt\"><\/i><\/span><h4>ASSISTENZA 24 ORE SU 24<\/h4><\/div><p>Il nostro personale addetto all\u2019assistenza, specializzato ed esperto, \u00e8 a vostra disposizione ogni giorno a qualsiasi ora.<\/p>\n<\/div><\/div><\/div><\/section>[\/vc_column][\/vc_row][vc_row][vc_column]<div class=\"gap\" style=\"line-height: 40px; height: 40px;\"><\/div>[vc_separator]<div class=\"gap\" style=\"line-height: 30px; height: 30px;\"><\/div>[\/vc_column][\/vc_row][vc_row][vc_column width=&#8221;1\/6&#8243;][vc_single_image image=&#8221;48&#8243; img_size=&#8221;full&#8221; alignment=&#8221;center&#8221; el_class=&#8221;logoset&#8221;][\/vc_column][vc_column width=&#8221;5\/6&#8243;][vc_column_text]<\/p>\n<p style=\"text-align: justify;\">La ditta NIBRA \u00e8 stata fondata nel 1994 ed \u00e8 un\u2019impresa totalmente a carattere familiare. Da oltre vent\u2019anni la nostra azienda \u00e8 sinonimo di qualit\u00e0 e affidabilit\u00e0, poich\u00e9 vi garantiamo un\u2019ideazione e realizzazione perfetta dei nostri progetti.<\/p>\n<p style=\"text-align: justify;\">Se mirate dunque all\u2019installazione di un nuovo impianto elevatore o se devono essere eseguiti lavori di manutenzione e risanamento, la nostra azione \u00e8 sempre orientata al cliente e ci rende il partner perfetto per i vostri progetti!<\/p>\n<p>[\/vc_column_text][\/vc_column][\/vc_row][vc_row][vc_column]<div class=\"gap\" style=\"line-height: 20px; height: 20px;\"><\/div>[vc_separator]<div class=\"gap\" style=\"line-height: 20px; height: 20px;\"><\/div>[\/vc_column][\/vc_row][vc_row][vc_column][vc_column_text]<\/p>\n<h2 style=\"text-align: center;\">Panoramica generale dell\u2019assortimento<\/h2>\n<p>[\/vc_column_text][vc_column_text]<\/p>\n<p style=\"text-align: center;\">Le categorie di prodotti spaziano dagli ascensori destinati al trasporto di persone alle strutture realizzate su misura per veicoli, merci o scale.<br \/>\nTutti gli impianti NIBRA garantiscono elevata funzionalit\u00e0 e affidabilit\u00e0, offrendo inoltre numerosi livelli di allestimento in grado di soddisfare<br \/>\nqualsiasi esigenza.<\/p>\n<p>[\/vc_column_text][\/vc_column][\/vc_row][vc_row][vc_column]<div class=\"gap\" style=\"line-height: 30px; height: 30px;\"><\/div>[vc_row_inner][vc_column_inner width=&#8221;1\/4&#8243;]<div class=\"ult-new-ib ult-ib-effect-style10  ult-ib-resp ult-ib2-min-height \" data-min-width=\"768\" data-max-width=\"900\" style=\"background:#0a0a0a; opacity:0; \" data-opacity=\"0.6\" data-hover-opacity=\"0.4\"  data-min-height=\"220\" ><img decoding=\"async\" class=\"ult-new-ib-img\" style=\"opacity:0.6;\" alt=\"null\" src=\"https:\/\/www.nibra.at\/wp-content\/uploads\/2014\/08\/image_gallery.jpeg\"  data-min-height=\"220\"   \/><div id=\"interactive-banner-wrap-1486\" class=\"ult-new-ib-desc\" style=\"\"><h2 class=\"ult-new-ib-title ult-responsive\"  data-ultimate-target='#interactive-banner-wrap-1486 .ult-new-ib-title'  data-responsive-json-new='{\"font-size\":\"\",\"line-height\":\"\"}'  style=\"font-weight:bold;color:#ffffff;\">Ascensori adibiti al trasporto di persone<\/h2><div class=\"ult-new-ib-content ult-responsive\"  data-ultimate-target='#interactive-banner-wrap-1486 .ult-new-ib-content'  data-responsive-json-new='{\"font-size\":\"\",\"line-height\":\"\"}'  style=\"font-weight:normal;\"><p>Impianti ben costruiti per tutti i tipi di edifici<\/p><\/div><\/div><a class=\"ult-new-ib-link\" href=\"http:\/\/www.nibra.at\/referenzen\/\" title=\"Referenzen\"  ><\/a><\/div>[\/vc_column_inner][vc_column_inner width=&#8221;1\/4&#8243;]<div class=\"ult-new-ib ult-ib-effect-style10  ult-ib-resp ult-ib2-min-height \" data-min-width=\"768\" data-max-width=\"900\" style=\"background:#0a0a0a; opacity:0; \" data-opacity=\"0.6\" data-hover-opacity=\"0.4\"  data-min-height=\"220\" ><img decoding=\"async\" class=\"ult-new-ib-img\" style=\"opacity:0.6;\" alt=\"null\" src=\"https:\/\/www.nibra.at\/wp-content\/uploads\/2014\/08\/image_gallery-1-1.jpeg\"  data-min-height=\"220\"   \/><div id=\"interactive-banner-wrap-9765\" class=\"ult-new-ib-desc\" style=\"\"><h2 class=\"ult-new-ib-title ult-responsive\"  data-ultimate-target='#interactive-banner-wrap-9765 .ult-new-ib-title'  data-responsive-json-new='{\"font-size\":\"\",\"line-height\":\"\"}'  style=\"font-weight:bold;color:#ffffff;\">Montacarichi<\/h2><div class=\"ult-new-ib-content ult-responsive\"  data-ultimate-target='#interactive-banner-wrap-9765 .ult-new-ib-content'  data-responsive-json-new='{\"font-size\":\"\",\"line-height\":\"\"}'  style=\"font-weight:normal;\"><p>Per il trasporto di merci voluminose e pesanti<\/p><\/div><\/div><a class=\"ult-new-ib-link\" href=\"http:\/\/www.nibra.at\/referenzen\/\" title=\"Referenzen\"  ><\/a><\/div>[\/vc_column_inner][vc_column_inner width=&#8221;1\/4&#8243;]<div class=\"ult-new-ib ult-ib-effect-style10  ult-ib-resp ult-ib2-min-height \" data-min-width=\"768\" data-max-width=\"900\" style=\"background:#0a0a0a; opacity:0; \" data-opacity=\"0.6\" data-hover-opacity=\"0.4\"  data-min-height=\"220\" ><img decoding=\"async\" class=\"ult-new-ib-img\" style=\"opacity:0.6;\" alt=\"null\" src=\"https:\/\/www.nibra.at\/wp-content\/uploads\/2014\/08\/autolift.jpg\"  data-min-height=\"220\"   \/><div id=\"interactive-banner-wrap-2500\" class=\"ult-new-ib-desc\" style=\"\"><h2 class=\"ult-new-ib-title ult-responsive\"  data-ultimate-target='#interactive-banner-wrap-2500 .ult-new-ib-title'  data-responsive-json-new='{\"font-size\":\"\",\"line-height\":\"\"}'  style=\"font-weight:bold;color:#ffffff;\">Montauto<\/h2><div class=\"ult-new-ib-content ult-responsive\"  data-ultimate-target='#interactive-banner-wrap-2500 .ult-new-ib-content'  data-responsive-json-new='{\"font-size\":\"\",\"line-height\":\"\"}'  style=\"font-weight:normal;\"><p>Trasporto comodo di veicoli<\/p><\/div><\/div><a class=\"ult-new-ib-link\" href=\"http:\/\/www.nibra.at\/referenzen\/\" title=\"Referenzen\"  ><\/a><\/div>[\/vc_column_inner][vc_column_inner width=&#8221;1\/4&#8243;]<div class=\"ult-new-ib ult-ib-effect-style10  ult-ib-resp ult-ib2-min-height \" data-min-width=\"768\" data-max-width=\"900\" style=\"background:#0a0a0a; opacity:0; \" data-opacity=\"0.6\" data-hover-opacity=\"0.4\"  data-min-height=\"220\" ><img decoding=\"async\" class=\"ult-new-ib-img\" style=\"opacity:0.6;\" alt=\"null\" src=\"https:\/\/www.nibra.at\/wp-content\/uploads\/2014\/08\/Fotolia_66878522_S-1.jpg\"  data-min-height=\"220\"   \/><div id=\"interactive-banner-wrap-8104\" class=\"ult-new-ib-desc\" style=\"\"><h2 class=\"ult-new-ib-title ult-responsive\"  data-ultimate-target='#interactive-banner-wrap-8104 .ult-new-ib-title'  data-responsive-json-new='{\"font-size\":\"\",\"line-height\":\"\"}'  style=\"font-weight:bold;color:#ffffff;\">Servoscale<\/h2><div class=\"ult-new-ib-content ult-responsive\"  data-ultimate-target='#interactive-banner-wrap-8104 .ult-new-ib-content'  data-responsive-json-new='{\"font-size\":\"\",\"line-height\":\"\"}'  style=\"font-weight:normal;\"><p>Superamento delle barriere architettoniche grazie a servoscale di speciale fabbricazione<\/p><\/div><\/div><a class=\"ult-new-ib-link\" href=\"http:\/\/www.nibra.at\/referenzen\/\" title=\"Referenzen\"  ><\/a><\/div>[\/vc_column_inner][\/vc_row_inner]<div class=\"gap\" style=\"line-height: 5px; height: 5px;\"><\/div>[\/vc_column][\/vc_row][vc_row][vc_column]<div class=\"gap\" style=\"line-height: 10px; height: 10px;\"><\/div>[vc_separator]<div class=\"gap\" style=\"line-height: 10px; height: 10px;\"><\/div>[\/vc_column][\/vc_row][vc_row][vc_column][vc_column_text]<\/p>\n<h2 style=\"text-align: center;\">Ci prendiamo cura delle vostre richieste<\/h2>\n<p style=\"text-align: center;\">Avete delle domande sui singoli prodotti o vi occorre una consulenza professionale?<br \/>\nPer le vostre richieste di informazioni vi preghiamo di utilizzare il modulo allegato.<\/p>\n<p>[\/vc_column_text]<div class=\"gap\" style=\"line-height: 20px; height: 20px;\"><\/div>[\/vc_column][\/vc_row][vc_row el_class=&#8221;centeralign&#8221;][vc_column]<a href=\"\/kontakt\" class=\"btn-shortcode dt-btn-m dt-btn default-btn-color default-btn-hover-color default-btn-bg-color default-btn-bg-hover-color centeralign\" id=\"dt-btn-7\"><i class=\"fa fa-arrow-circle-right\"><\/i><span>Contattateci adesso<\/span><\/a>[\/vc_column][\/vc_row]<\/p>","protected":false},"excerpt":{"rendered":"<p>[\/vc_column_text][\/vc_column][\/vc_row][vc_row][vc_column][vc_column_text] Benvenuti in NIBRA [\/vc_column_text][vc_column_text] La continua innovazione e la fiducia dei nostri clienti sono la chiave del nostro successo. [\/vc_column_text][\/vc_column][\/vc_row][vc_row][vc_column][\/vc_column][\/vc_row][vc_row][vc_column][\/vc_column][\/vc_row][vc_row][vc_column][vc_separator][\/vc_column][\/vc_row][vc_row][vc_column width=&#8221;1\/6&#8243;][vc_single_image image=&#8221;48&#8243; img_size=&#8221;full&#8221; alignment=&#8221;center&#8221; el_class=&#8221;logoset&#8221;][\/vc_column][vc_column width=&#8221;5\/6&#8243;][vc_column_text] La ditta NIBRA \u00e8 stata fondata nel 1994 ed \u00e8 un\u2019impresa totalmente a carattere familiare. Da oltre vent\u2019anni la nostra azienda \u00e8 sinonimo di qualit\u00e0 e affidabilit\u00e0, poich\u00e9&hellip;<\/p>\n","protected":false},"author":5,"featured_media":0,"parent":0,"menu_order":0,"comment_status":"closed","ping_status":"open","template":"","meta":{"footnotes":""},"class_list":["post-6","page","type-page","status-publish","hentry","description-off"],"_links":{"self":[{"href":"https:\/\/www.nibra.at\/it\/wp-json\/wp\/v2\/pages\/6","targetHints":{"allow":["GET"]}}],"collection":[{"href":"https:\/\/www.nibra.at\/it\/wp-json\/wp\/v2\/pages"}],"about":[{"href":"https:\/\/www.nibra.at\/it\/wp-json\/wp\/v2\/types\/page"}],"author":[{"embeddable":true,"href":"https:\/\/www.nibra.at\/it\/wp-json\/wp\/v2\/users\/5"}],"replies":[{"embeddable":true,"href":"https:\/\/www.nibra.at\/it\/wp-json\/wp\/v2\/comments?post=6"}],"version-history":[{"count":189,"href":"https:\/\/www.nibra.at\/it\/wp-json\/wp\/v2\/pages\/6\/revisions"}],"predecessor-version":[{"id":1767,"href":"https:\/\/www.nibra.at\/it\/wp-json\/wp\/v2\/pages\/6\/revisions\/1767"}],"wp:attachment":[{"href":"https:\/\/www.nibra.at\/it\/wp-json\/wp\/v2\/media?parent=6"}],"curies":[{"name":"wp","href":"https:\/\/api.w.org\/{rel}","templated":true}]}}