{"id":6,"date":"2014-08-29T11:39:00","date_gmt":"2014-08-29T09:39:00","guid":{"rendered":"http:\/\/www.nibra.at\/BETA\/?page_id=6"},"modified":"2025-07-17T14:33:03","modified_gmt":"2025-07-17T13:33:03","slug":"startseite-2","status":"publish","type":"page","link":"https:\/\/www.nibra.at\/fr\/","title":{"rendered":"Startseite"},"content":{"rendered":"<p>[vc_row][vc_column][vc_column_text][\/vc_column_text][\/vc_column][\/vc_row][vc_row][vc_column][vc_column_text]<\/p>\n<h1 style=\"text-align: center;\">Bienvenue chez NIBRA<\/h1>\n<p>[\/vc_column_text][vc_column_text]<\/p>\n<p style=\"text-align: center;\">L&rsquo;innovation permanente et la confiance de nos clients sont la cl\u00e9 de notre succ\u00e8s<\/p>\n<p>[\/vc_column_text][\/vc_column][\/vc_row][vc_row][vc_column]<div class=\"gap\" style=\"line-height: 40px; height: 40px;\"><\/div>[\/vc_column][\/vc_row][vc_row][vc_column]<section id=\"benefits-grid-10\" class=\"benefits-grid wf-container icons-bg light-bg light-hover-bg light-icon-color light-icon-hover-color\" data-width=\"130px\" data-columns=\"4\"><style type=\"text\/css\">#benefits-grid-10.icons-bg .benefits-grid-ico { height: 70px; line-height: 70px; width: 70px; }#benefits-grid-10.icons-bg .benefits-grid-ico > i { font-size: 36px; line-height: 70px; }<\/style><div class=\"wf-cell\"><div><div class=\"text-normal\"><div class=\"benefit-line-decoration\"><span class=\"benefits-grid-ico\"><i class=\"fas fa-star\"><\/i><\/span><h4>UNE QUALIT\u00c9 D&rsquo;EXCEPTION<\/h4><\/div><p>Afin de pouvoir vous garantir un maximum de s\u00e9curit\u00e9, nous n&rsquo;assemblons que des mat\u00e9riaux de qualit\u00e9 sup\u00e9rieure.<\/p>\n<\/div><\/div><\/div><div class=\"wf-cell\"><div><div class=\"text-normal\"><div class=\"benefit-line-decoration\"><span class=\"benefits-grid-ico\"><i class=\"fas fa-comments\"><\/i><\/span><h4>UNE COMMUNICATION EFFICACE<\/h4><\/div><p>Pour nous, la satisfaction de nos clients a une priorit\u00e9 absolue.\u00a0C&rsquo;est la raison pour laquelle nous exau\u00e7ons vos souhaits et vous offrons un conseil personnalis\u00e9.<\/p>\n<\/div><\/div><\/div><div class=\"wf-cell\"><div><div class=\"text-normal\"><div class=\"benefit-line-decoration\"><span class=\"benefits-grid-ico\"><i class=\"fas fa-wrench\"><\/i><\/span><h4>SERVICE ET MAINTENANCE<\/h4><\/div><p>Nous prenons volontiers en charge la maintenance r\u00e9guli\u00e8re de vos ascenseurs et vous dressons un contrat de maintenance adapt\u00e9.<\/p>\n<\/div><\/div><\/div><div class=\"wf-cell\"><div><div class=\"text-normal\"><div class=\"benefit-line-decoration\"><span class=\"benefits-grid-ico\"><i class=\"fas fa-sync-alt\"><\/i><\/span><h4>SERVICE CLIENT 24H\/24<\/h4><\/div><p>Nos collaborateurs du service apr\u00e8s-vente form\u00e9s et sp\u00e9cialis\u00e9s sont \u00e0 votre disposition 24h\/24.<\/p>\n<\/div><\/div><\/div><\/section>[\/vc_column][\/vc_row][vc_row][vc_column]<div class=\"gap\" style=\"line-height: 40px; height: 40px;\"><\/div>[vc_separator]<div class=\"gap\" style=\"line-height: 30px; height: 30px;\"><\/div>[\/vc_column][\/vc_row][vc_row][vc_column width=\u00a0\u00bb1\/6&Prime;][vc_single_image image=\u00a0\u00bb48&Prime; img_size=\u00a0\u00bbfull\u00a0\u00bb alignment=\u00a0\u00bbcenter\u00a0\u00bb el_class=\u00a0\u00bblogoset\u00a0\u00bb][\/vc_column][vc_column width=\u00a0\u00bb5\/6&Prime;][vc_column_text]<\/p>\n<p style=\"text-align: justify;\">L&rsquo;entreprise NIBRA a \u00e9t\u00e9 cr\u00e9\u00e9e en 1994 et est une entreprise \u00e0 100% familiale. Depuis plus de 30 ans, notre entreprise est synonyme de qualit\u00e9 et de fiabilit\u00e9, car nous vous garantissons une planification et une r\u00e9alisation parfaite de nos projets.<\/p>\n<p style=\"text-align: justify;\">Que vous ayez pour but la mise en place d&rsquo;un nouvel ascenseur, ou que vous souhaitiez entreprendre des travaux d&rsquo;assainissement ou de maintenance &#8211; Nous travaillons en permanence dans l&rsquo;int\u00e9r\u00eat de nos clients et sommes le partenaire id\u00e9al pour vos projets !<\/p>\n<p>[\/vc_column_text][\/vc_column][\/vc_row][vc_row][vc_column]<div class=\"gap\" style=\"line-height: 20px; height: 20px;\"><\/div>[vc_separator]<div class=\"gap\" style=\"line-height: 20px; height: 20px;\"><\/div>[\/vc_column][\/vc_row][vc_row][vc_column][vc_column_text]<\/p>\n<h2 style=\"text-align: center;\">Aper\u00e7u de la gamme<\/h2>\n<p>[\/vc_column_text][vc_column_text]<\/p>\n<p style=\"text-align: center;\">Les cat\u00e9gories de produits vont des ascenseurs pour personnes, jusqu&rsquo;aux constructions pr\u00e9fabriqu\u00e9es individuellement pour v\u00e9hicules, marchandises ou escaliers.<br \/>\nToutes les installations NIBRA vous garantissent une fonctionnalit\u00e9 et une fiabilit\u00e9 \u00e9lev\u00e9es et proposent outre cela de nombreuses variantes d&rsquo;\u00e9quipement, qui<br \/>\nr\u00e9pondent \u00e0 toutes les exigences.<\/p>\n<p>[\/vc_column_text][\/vc_column][\/vc_row][vc_row][vc_column]<div class=\"gap\" style=\"line-height: 30px; height: 30px;\"><\/div>[vc_row_inner][vc_column_inner width=\u00a0\u00bb1\/4&Prime;]<div class=\"ult-new-ib ult-ib-effect-style10  ult-ib-resp ult-ib2-min-height \" data-min-width=\"768\" data-max-width=\"900\" style=\"background:#0a0a0a; opacity:0; \" data-opacity=\"0.6\" data-hover-opacity=\"0.4\"  data-min-height=\"220\" ><img decoding=\"async\" class=\"ult-new-ib-img\" style=\"opacity:0.6;\" alt=\"null\" src=\"https:\/\/www.nibra.at\/wp-content\/uploads\/2014\/08\/image_gallery.jpeg\"  data-min-height=\"220\"   \/><div id=\"interactive-banner-wrap-4766\" class=\"ult-new-ib-desc\" style=\"\"><h2 class=\"ult-new-ib-title ult-responsive\"  data-ultimate-target='#interactive-banner-wrap-4766 .ult-new-ib-title'  data-responsive-json-new='{\"font-size\":\"\",\"line-height\":\"\"}'  style=\"font-weight:bold;color:#ffffff;\">Ascenseurs<\/h2><div class=\"ult-new-ib-content ult-responsive\"  data-ultimate-target='#interactive-banner-wrap-4766 .ult-new-ib-content'  data-responsive-json-new='{\"font-size\":\"\",\"line-height\":\"\"}'  style=\"font-weight:normal;\"><p>Installations de qualit\u00e9 sup\u00e9rieure pour tous types de b\u00e2timents<\/p><\/div><\/div><a class=\"ult-new-ib-link\" href=\"http:\/\/www.nibra.at\/referenzen\/\" title=\"Referenzen\"  ><\/a><\/div>[\/vc_column_inner][vc_column_inner width=\u00a0\u00bb1\/4&Prime;]<div class=\"ult-new-ib ult-ib-effect-style10  ult-ib-resp ult-ib2-min-height \" data-min-width=\"768\" data-max-width=\"900\" style=\"background:#0a0a0a; opacity:0; \" data-opacity=\"0.6\" data-hover-opacity=\"0.4\"  data-min-height=\"220\" ><img decoding=\"async\" class=\"ult-new-ib-img\" style=\"opacity:0.6;\" alt=\"null\" src=\"https:\/\/www.nibra.at\/wp-content\/uploads\/2014\/08\/image_gallery-1-1.jpeg\"  data-min-height=\"220\"   \/><div id=\"interactive-banner-wrap-8404\" class=\"ult-new-ib-desc\" style=\"\"><h2 class=\"ult-new-ib-title ult-responsive\"  data-ultimate-target='#interactive-banner-wrap-8404 .ult-new-ib-title'  data-responsive-json-new='{\"font-size\":\"\",\"line-height\":\"\"}'  style=\"font-weight:bold;color:#ffffff;\">Monte-charges<\/h2><div class=\"ult-new-ib-content ult-responsive\"  data-ultimate-target='#interactive-banner-wrap-8404 .ult-new-ib-content'  data-responsive-json-new='{\"font-size\":\"\",\"line-height\":\"\"}'  style=\"font-weight:normal;\"><p>Conviennent au transport de marchandises encombrantes et lourdes<\/p><\/div><\/div><a class=\"ult-new-ib-link\" href=\"http:\/\/www.nibra.at\/referenzen\/\" title=\"Referenzen\"  ><\/a><\/div>[\/vc_column_inner][vc_column_inner width=\u00a0\u00bb1\/4&Prime;]<div class=\"ult-new-ib ult-ib-effect-style10  ult-ib-resp ult-ib2-min-height \" data-min-width=\"768\" data-max-width=\"900\" style=\"background:#0a0a0a; opacity:0; \" data-opacity=\"0.6\" data-hover-opacity=\"0.4\"  data-min-height=\"220\" ><img decoding=\"async\" class=\"ult-new-ib-img\" style=\"opacity:0.6;\" alt=\"null\" src=\"https:\/\/www.nibra.at\/wp-content\/uploads\/2014\/08\/autolift.jpg\"  data-min-height=\"220\"   \/><div id=\"interactive-banner-wrap-7996\" class=\"ult-new-ib-desc\" style=\"\"><h2 class=\"ult-new-ib-title ult-responsive\"  data-ultimate-target='#interactive-banner-wrap-7996 .ult-new-ib-title'  data-responsive-json-new='{\"font-size\":\"\",\"line-height\":\"\"}'  style=\"font-weight:bold;color:#ffffff;\">Monte-voitures<\/h2><div class=\"ult-new-ib-content ult-responsive\"  data-ultimate-target='#interactive-banner-wrap-7996 .ult-new-ib-content'  data-responsive-json-new='{\"font-size\":\"\",\"line-height\":\"\"}'  style=\"font-weight:normal;\"><p>Transport pratique de v\u00e9hicules<\/p><\/div><\/div><a class=\"ult-new-ib-link\" href=\"http:\/\/www.nibra.at\/referenzen\/\" title=\"Referenzen\"  ><\/a><\/div>[\/vc_column_inner][vc_column_inner width=\u00a0\u00bb1\/4&Prime;]<div class=\"ult-new-ib ult-ib-effect-style10  ult-ib-resp ult-ib2-min-height \" data-min-width=\"768\" data-max-width=\"900\" style=\"background:#0a0a0a; opacity:0; \" data-opacity=\"0.6\" data-hover-opacity=\"0.4\"  data-min-height=\"220\" ><img decoding=\"async\" class=\"ult-new-ib-img\" style=\"opacity:0.6;\" alt=\"null\" src=\"https:\/\/www.nibra.at\/wp-content\/uploads\/2014\/08\/Fotolia_66878522_S-1.jpg\"  data-min-height=\"220\"   \/><div id=\"interactive-banner-wrap-1732\" class=\"ult-new-ib-desc\" style=\"\"><h2 class=\"ult-new-ib-title ult-responsive\"  data-ultimate-target='#interactive-banner-wrap-1732 .ult-new-ib-title'  data-responsive-json-new='{\"font-size\":\"\",\"line-height\":\"\"}'  style=\"font-weight:bold;color:#ffffff;\">Monte-escaliers<\/h2><div class=\"ult-new-ib-content ult-responsive\"  data-ultimate-target='#interactive-banner-wrap-1732 .ult-new-ib-content'  data-responsive-json-new='{\"font-size\":\"\",\"line-height\":\"\"}'  style=\"font-weight:normal;\"><p>Acc\u00e8s sans barri\u00e8re gr\u00e2ce \u00e0 des ascenseurs sp\u00e9ciaux pour escaliers<\/p><\/div><\/div><a class=\"ult-new-ib-link\" href=\"http:\/\/www.nibra.at\/referenzen\/\" title=\"Referenzen\"  ><\/a><\/div>[\/vc_column_inner][\/vc_row_inner]<div class=\"gap\" style=\"line-height: 5px; height: 5px;\"><\/div>[\/vc_column][\/vc_row][vc_row][vc_column]<div class=\"gap\" style=\"line-height: 10px; height: 10px;\"><\/div>[vc_separator]<div class=\"gap\" style=\"line-height: 10px; height: 10px;\"><\/div>[\/vc_column][\/vc_row][vc_row][vc_column][vc_column_text]<\/p>\n<h2 style=\"text-align: center;\">Nous nous occupons de vos besoins<\/h2>\n<p style=\"text-align: center;\">Vous avez des questions concernant des produits individuels, ou bien vous avez besoin d&rsquo;un conseil sp\u00e9cialis\u00e9 ?<br \/>\nVeuillez utiliser pour votre demande le formulaire ci-joint.<\/p>\n<p>[\/vc_column_text]<div class=\"gap\" style=\"line-height: 20px; height: 20px;\"><\/div>[\/vc_column][\/vc_row][vc_row el_class=\u00a0\u00bbcenteralign\u00a0\u00bb][vc_column]<a href=\"\/kontakt\" class=\"btn-shortcode dt-btn-m dt-btn default-btn-color default-btn-hover-color default-btn-bg-color default-btn-bg-hover-color centeralign\" id=\"dt-btn-10\"><i class=\"fa fa-arrow-circle-right\"><\/i><span>Contactez-nous d\u00e8s maintenant.<\/span><\/a>[\/vc_column][\/vc_row][vc_row][vc_column][vc_column_text][\/vc_column_text][\/vc_column][\/vc_row][vc_row][vc_column][vc_column_text]<\/p>\n<h1 style=\"text-align: center;\">Bienvenue chez NIBRA<\/h1>\n<p>[\/vc_column_text][vc_column_text]<\/p>\n<p style=\"text-align: center;\">L&rsquo;innovation permanente et la confiance de nos clients sont la cl\u00e9 de notre succ\u00e8s<\/p>\n<p>[\/vc_column_text][\/vc_column][\/vc_row][vc_row][vc_column]<div class=\"gap\" style=\"line-height: 40px; height: 40px;\"><\/div>[\/vc_column][\/vc_row][vc_row][vc_column]<section id=\"benefits-grid-11\" class=\"benefits-grid wf-container icons-bg light-bg light-hover-bg light-icon-color light-icon-hover-color\" data-width=\"130px\" data-columns=\"4\"><style type=\"text\/css\">#benefits-grid-11.icons-bg .benefits-grid-ico { height: 70px; line-height: 70px; width: 70px; }#benefits-grid-11.icons-bg .benefits-grid-ico > i { font-size: 36px; line-height: 70px; }<\/style><div class=\"wf-cell\"><div><div class=\"text-normal\"><div class=\"benefit-line-decoration\"><span class=\"benefits-grid-ico\"><i class=\"fas fa-star\"><\/i><\/span><h4>UNE QUALIT\u00c9 D&rsquo;EXCEPTION<\/h4><\/div><p>Afin de pouvoir vous garantir un maximum de s\u00e9curit\u00e9, nous n&rsquo;assemblons que des mat\u00e9riaux de qualit\u00e9 sup\u00e9rieure.<\/p>\n<\/div><\/div><\/div><div class=\"wf-cell\"><div><div class=\"text-normal\"><div class=\"benefit-line-decoration\"><span class=\"benefits-grid-ico\"><i class=\"fas fa-comments\"><\/i><\/span><h4>UNE COMMUNICATION EFFICACE<\/h4><\/div><p>Pour nous, la satisfaction de nos clients a une priorit\u00e9 absolue.\u00a0C&rsquo;est la raison pour laquelle nous exau\u00e7ons vos souhaits et vous offrons un conseil personnalis\u00e9.<\/p>\n<\/div><\/div><\/div><div class=\"wf-cell\"><div><div class=\"text-normal\"><div class=\"benefit-line-decoration\"><span class=\"benefits-grid-ico\"><i class=\"fas fa-wrench\"><\/i><\/span><h4>SERVICE ET MAINTENANCE<\/h4><\/div><p>Nous prenons volontiers en charge la maintenance r\u00e9guli\u00e8re de vos ascenseurs et vous dressons un contrat de maintenance adapt\u00e9.<\/p>\n<\/div><\/div><\/div><div class=\"wf-cell\"><div><div class=\"text-normal\"><div class=\"benefit-line-decoration\"><span class=\"benefits-grid-ico\"><i class=\"fas fa-sync-alt\"><\/i><\/span><h4>SERVICE CLIENT 24H\/24<\/h4><\/div><p>Nos collaborateurs du service apr\u00e8s-vente form\u00e9s et sp\u00e9cialis\u00e9s sont \u00e0 votre disposition 24h\/24.<\/p>\n<\/div><\/div><\/div><\/section>[\/vc_column][\/vc_row][vc_row][vc_column]<div class=\"gap\" style=\"line-height: 40px; height: 40px;\"><\/div>[vc_separator]<div class=\"gap\" style=\"line-height: 30px; height: 30px;\"><\/div>[\/vc_column][\/vc_row][vc_row][vc_column width=\u00a0\u00bb1\/6&Prime;][vc_single_image image=\u00a0\u00bb48&Prime; img_size=\u00a0\u00bbfull\u00a0\u00bb alignment=\u00a0\u00bbcenter\u00a0\u00bb el_class=\u00a0\u00bblogoset\u00a0\u00bb][\/vc_column][vc_column width=\u00a0\u00bb5\/6&Prime;][vc_column_text]<\/p>\n<p style=\"text-align: justify;\">L&rsquo;entreprise NIBRA a \u00e9t\u00e9 cr\u00e9\u00e9e en 1994 et est une entreprise \u00e0 100% familiale. Depuis plus de 30 ans, notre entreprise est synonyme de qualit\u00e9 et de fiabilit\u00e9, car nous vous garantissons une planification et une r\u00e9alisation parfaite de nos projets.<\/p>\n<p style=\"text-align: justify;\">Que vous ayez pour but la mise en place d&rsquo;un nouvel ascenseur, ou que vous souhaitiez entreprendre des travaux d&rsquo;assainissement ou de maintenance &#8211; Nous travaillons en permanence dans l&rsquo;int\u00e9r\u00eat de nos clients et sommes le partenaire id\u00e9al pour vos projets !<\/p>\n<p>[\/vc_column_text][\/vc_column][\/vc_row][vc_row][vc_column]<div class=\"gap\" style=\"line-height: 20px; height: 20px;\"><\/div>[vc_separator]<div class=\"gap\" style=\"line-height: 20px; height: 20px;\"><\/div>[\/vc_column][\/vc_row][vc_row][vc_column][vc_column_text]<\/p>\n<h2 style=\"text-align: center;\">Aper\u00e7u de la gamme<\/h2>\n<p>[\/vc_column_text][vc_column_text]<\/p>\n<p style=\"text-align: center;\">Les cat\u00e9gories de produits vont des ascenseurs pour personnes, jusqu&rsquo;aux constructions pr\u00e9fabriqu\u00e9es individuellement pour v\u00e9hicules, marchandises ou escaliers.<br \/>\nToutes les installations NIBRA vous garantissent une fonctionnalit\u00e9 et une fiabilit\u00e9 \u00e9lev\u00e9es et proposent outre cela de nombreuses variantes d&rsquo;\u00e9quipement, qui<br \/>\nr\u00e9pondent \u00e0 toutes les exigences.<\/p>\n<p>[\/vc_column_text][\/vc_column][\/vc_row][vc_row][vc_column]<div class=\"gap\" style=\"line-height: 30px; height: 30px;\"><\/div>[vc_row_inner][vc_column_inner width=\u00a0\u00bb1\/4&Prime;]<div class=\"ult-new-ib ult-ib-effect-style10  ult-ib-resp ult-ib2-min-height \" data-min-width=\"768\" data-max-width=\"900\" style=\"background:#0a0a0a; opacity:0; \" data-opacity=\"0.6\" data-hover-opacity=\"0.4\"  data-min-height=\"220\" ><img decoding=\"async\" class=\"ult-new-ib-img\" style=\"opacity:0.6;\" alt=\"null\" src=\"https:\/\/www.nibra.at\/wp-content\/uploads\/2014\/08\/image_gallery.jpeg\"  data-min-height=\"220\"   \/><div id=\"interactive-banner-wrap-5375\" class=\"ult-new-ib-desc\" style=\"\"><h2 class=\"ult-new-ib-title ult-responsive\"  data-ultimate-target='#interactive-banner-wrap-5375 .ult-new-ib-title'  data-responsive-json-new='{\"font-size\":\"\",\"line-height\":\"\"}'  style=\"font-weight:bold;color:#ffffff;\">Ascenseurs<\/h2><div class=\"ult-new-ib-content ult-responsive\"  data-ultimate-target='#interactive-banner-wrap-5375 .ult-new-ib-content'  data-responsive-json-new='{\"font-size\":\"\",\"line-height\":\"\"}'  style=\"font-weight:normal;\"><p>Installations de qualit\u00e9 sup\u00e9rieure pour tous types de b\u00e2timents<\/p><\/div><\/div><a class=\"ult-new-ib-link\" href=\"http:\/\/www.nibra.at\/referenzen\/\" title=\"Referenzen\"  ><\/a><\/div>[\/vc_column_inner][vc_column_inner width=\u00a0\u00bb1\/4&Prime;]<div class=\"ult-new-ib ult-ib-effect-style10  ult-ib-resp ult-ib2-min-height \" data-min-width=\"768\" data-max-width=\"900\" style=\"background:#0a0a0a; opacity:0; \" data-opacity=\"0.6\" data-hover-opacity=\"0.4\"  data-min-height=\"220\" ><img decoding=\"async\" class=\"ult-new-ib-img\" style=\"opacity:0.6;\" alt=\"null\" src=\"https:\/\/www.nibra.at\/wp-content\/uploads\/2014\/08\/image_gallery-1-1.jpeg\"  data-min-height=\"220\"   \/><div id=\"interactive-banner-wrap-1048\" class=\"ult-new-ib-desc\" style=\"\"><h2 class=\"ult-new-ib-title ult-responsive\"  data-ultimate-target='#interactive-banner-wrap-1048 .ult-new-ib-title'  data-responsive-json-new='{\"font-size\":\"\",\"line-height\":\"\"}'  style=\"font-weight:bold;color:#ffffff;\">Monte-charges<\/h2><div class=\"ult-new-ib-content ult-responsive\"  data-ultimate-target='#interactive-banner-wrap-1048 .ult-new-ib-content'  data-responsive-json-new='{\"font-size\":\"\",\"line-height\":\"\"}'  style=\"font-weight:normal;\"><p>Conviennent au transport de marchandises encombrantes et lourdes<\/p><\/div><\/div><a class=\"ult-new-ib-link\" href=\"http:\/\/www.nibra.at\/referenzen\/\" title=\"Referenzen\"  ><\/a><\/div>[\/vc_column_inner][vc_column_inner width=\u00a0\u00bb1\/4&Prime;]<div class=\"ult-new-ib ult-ib-effect-style10  ult-ib-resp ult-ib2-min-height \" data-min-width=\"768\" data-max-width=\"900\" style=\"background:#0a0a0a; opacity:0; \" data-opacity=\"0.6\" data-hover-opacity=\"0.4\"  data-min-height=\"220\" ><img decoding=\"async\" class=\"ult-new-ib-img\" style=\"opacity:0.6;\" alt=\"null\" src=\"https:\/\/www.nibra.at\/wp-content\/uploads\/2014\/08\/autolift.jpg\"  data-min-height=\"220\"   \/><div id=\"interactive-banner-wrap-7766\" class=\"ult-new-ib-desc\" style=\"\"><h2 class=\"ult-new-ib-title ult-responsive\"  data-ultimate-target='#interactive-banner-wrap-7766 .ult-new-ib-title'  data-responsive-json-new='{\"font-size\":\"\",\"line-height\":\"\"}'  style=\"font-weight:bold;color:#ffffff;\">Monte-voitures<\/h2><div class=\"ult-new-ib-content ult-responsive\"  data-ultimate-target='#interactive-banner-wrap-7766 .ult-new-ib-content'  data-responsive-json-new='{\"font-size\":\"\",\"line-height\":\"\"}'  style=\"font-weight:normal;\"><p>Transport pratique de v\u00e9hicules<\/p><\/div><\/div><a class=\"ult-new-ib-link\" href=\"http:\/\/www.nibra.at\/referenzen\/\" title=\"Referenzen\"  ><\/a><\/div>[\/vc_column_inner][vc_column_inner width=\u00a0\u00bb1\/4&Prime;]<div class=\"ult-new-ib ult-ib-effect-style10  ult-ib-resp ult-ib2-min-height \" data-min-width=\"768\" data-max-width=\"900\" style=\"background:#0a0a0a; opacity:0; \" data-opacity=\"0.6\" data-hover-opacity=\"0.4\"  data-min-height=\"220\" ><img decoding=\"async\" class=\"ult-new-ib-img\" style=\"opacity:0.6;\" alt=\"null\" src=\"https:\/\/www.nibra.at\/wp-content\/uploads\/2014\/08\/Fotolia_66878522_S-1.jpg\"  data-min-height=\"220\"   \/><div id=\"interactive-banner-wrap-2925\" class=\"ult-new-ib-desc\" style=\"\"><h2 class=\"ult-new-ib-title ult-responsive\"  data-ultimate-target='#interactive-banner-wrap-2925 .ult-new-ib-title'  data-responsive-json-new='{\"font-size\":\"\",\"line-height\":\"\"}'  style=\"font-weight:bold;color:#ffffff;\">Monte-escaliers<\/h2><div class=\"ult-new-ib-content ult-responsive\"  data-ultimate-target='#interactive-banner-wrap-2925 .ult-new-ib-content'  data-responsive-json-new='{\"font-size\":\"\",\"line-height\":\"\"}'  style=\"font-weight:normal;\"><p>Acc\u00e8s sans barri\u00e8re gr\u00e2ce \u00e0 des ascenseurs sp\u00e9ciaux pour escaliers<\/p><\/div><\/div><a class=\"ult-new-ib-link\" href=\"http:\/\/www.nibra.at\/referenzen\/\" title=\"Referenzen\"  ><\/a><\/div>[\/vc_column_inner][\/vc_row_inner]<div class=\"gap\" style=\"line-height: 5px; height: 5px;\"><\/div>[\/vc_column][\/vc_row][vc_row][vc_column]<div class=\"gap\" style=\"line-height: 10px; height: 10px;\"><\/div>[vc_separator]<div class=\"gap\" style=\"line-height: 10px; height: 10px;\"><\/div>[\/vc_column][\/vc_row][vc_row][vc_column][vc_column_text]<\/p>\n<h2 style=\"text-align: center;\">Nous nous occupons de vos besoins<\/h2>\n<p style=\"text-align: center;\">Vous avez des questions concernant des produits individuels, ou bien vous avez besoin d&rsquo;un conseil sp\u00e9cialis\u00e9 ?<br \/>\nVeuillez utiliser pour votre demande le formulaire ci-joint.<\/p>\n<p>[\/vc_column_text]<div class=\"gap\" style=\"line-height: 20px; height: 20px;\"><\/div>[\/vc_column][\/vc_row][vc_row el_class=\u00a0\u00bbcenteralign\u00a0\u00bb][vc_column]<a href=\"\/kontakt\" class=\"btn-shortcode dt-btn-m dt-btn default-btn-color default-btn-hover-color default-btn-bg-color default-btn-bg-hover-color centeralign\" id=\"dt-btn-11\"><i class=\"fa fa-arrow-circle-right\"><\/i><span>Contactez-nous d\u00e8s maintenant.<\/span><\/a>[\/vc_column][\/vc_row]<\/p>","protected":false},"excerpt":{"rendered":"<p>[vc_row][vc_column][vc_column_text][\/vc_column_text][\/vc_column][\/vc_row][vc_row][vc_column][vc_column_text] Bienvenue chez NIBRA [\/vc_column_text][vc_column_text] L&rsquo;innovation permanente et la confiance de nos clients sont la cl\u00e9 de notre succ\u00e8s [\/vc_column_text][\/vc_column][\/vc_row][vc_row][vc_column][\/vc_column][\/vc_row][vc_row][vc_column][\/vc_column][\/vc_row][vc_row][vc_column][vc_separator][\/vc_column][\/vc_row][vc_row][vc_column width=\u00a0\u00bb1\/6&Prime;][vc_single_image image=\u00a0\u00bb48&Prime; img_size=\u00a0\u00bbfull\u00a0\u00bb alignment=\u00a0\u00bbcenter\u00a0\u00bb el_class=\u00a0\u00bblogoset\u00a0\u00bb][\/vc_column][vc_column width=\u00a0\u00bb5\/6&Prime;][vc_column_text] L&rsquo;entreprise NIBRA a \u00e9t\u00e9 cr\u00e9\u00e9e en 1994 et est une entreprise \u00e0 100% familiale. Depuis plus de 30 ans, notre entreprise est synonyme de qualit\u00e9 et de fiabilit\u00e9, car&hellip;<\/p>\n","protected":false},"author":5,"featured_media":0,"parent":0,"menu_order":0,"comment_status":"closed","ping_status":"open","template":"","meta":{"footnotes":""},"class_list":["post-6","page","type-page","status-publish","hentry","description-off"],"_links":{"self":[{"href":"https:\/\/www.nibra.at\/fr\/wp-json\/wp\/v2\/pages\/6","targetHints":{"allow":["GET"]}}],"collection":[{"href":"https:\/\/www.nibra.at\/fr\/wp-json\/wp\/v2\/pages"}],"about":[{"href":"https:\/\/www.nibra.at\/fr\/wp-json\/wp\/v2\/types\/page"}],"author":[{"embeddable":true,"href":"https:\/\/www.nibra.at\/fr\/wp-json\/wp\/v2\/users\/5"}],"replies":[{"embeddable":true,"href":"https:\/\/www.nibra.at\/fr\/wp-json\/wp\/v2\/comments?post=6"}],"version-history":[{"count":189,"href":"https:\/\/www.nibra.at\/fr\/wp-json\/wp\/v2\/pages\/6\/revisions"}],"predecessor-version":[{"id":1767,"href":"https:\/\/www.nibra.at\/fr\/wp-json\/wp\/v2\/pages\/6\/revisions\/1767"}],"wp:attachment":[{"href":"https:\/\/www.nibra.at\/fr\/wp-json\/wp\/v2\/media?parent=6"}],"curies":[{"name":"wp","href":"https:\/\/api.w.org\/{rel}","templated":true}]}}