{"id":21,"date":"2014-09-09T13:44:14","date_gmt":"2014-09-09T11:44:14","guid":{"rendered":"http:\/\/www.nibra.at\/BETA\/?page_id=21"},"modified":"2022-05-13T08:53:56","modified_gmt":"2022-05-13T07:53:56","slug":"unternehmen","status":"publish","type":"page","link":"https:\/\/www.nibra.at\/fr\/unternehmen\/","title":{"rendered":"\u00c0 propos de NIBRA"},"content":{"rendered":"<p>[vc_row][vc_column]<div class=\"gap\" style=\"line-height: 50px; height: 50px;\"><\/div>[\/vc_column][\/vc_row][vc_row][vc_column width=\u00a0\u00bb1\/3&Prime;]<div class=\"gap\" style=\"line-height: 20px; height: 20px;\"><\/div>[vc_single_image image=\u00a0\u00bb113&Prime; img_size=\u00a0\u00bbfull\u00a0\u00bb alignment=\u00a0\u00bbcenter\u00a0\u00bb css_animation=\u00a0\u00bbleft-to-right\u00a0\u00bb][\/vc_column][vc_column width=\u00a0\u00bb2\/3&Prime;][vc_column_text]<\/p>\n<h2>Notre charte<\/h2>\n<p style=\"text-align: justify;\">La satisfaction de nos clients est notre crit\u00e8re principal ! Nous accordons une grande importance \u00e0 connaitre \u00e0 la perfection les souhaits et les attentes du donneur d&rsquo;ordre et \u00e0 proposer un service optimal, afin de pouvoir r\u00e9pondre \u00e0 ces attentes avec la meilleure qualit\u00e9 et le plus grand soin possible.<\/p>\n<p style=\"text-align: justify;\">Le bien-\u00eatre de notre personnel est tout aussi important pour nous, car seul un collaborateur satisfait est un bon collaborateur. Nos employ\u00e9s et ouvriers prennent beaucoup d&rsquo;initiative propre et s&rsquo;engagent avec une grande comp\u00e9tence professionnelle pour la meilleure mise en \u0153uvre possible des projets.<\/p>\n<p style=\"text-align: justify;\">Nos outils et mat\u00e9riaux sont soumis \u00e0 un contr\u00f4le permanent, de mani\u00e8re \u00e0 pouvoir garantir un maximum de s\u00e9curit\u00e9 \u00e0 tous niveaux. Gr\u00e2ce \u00e0 une gestion efficace, nous apportons une contribution positive \u00e0 un d\u00e9veloppement durable global.<\/p>\n<p>[\/vc_column_text][\/vc_column][\/vc_row][vc_row][vc_column]<div class=\"gap\" style=\"line-height: 40px; height: 40px;\"><\/div>[vc_separator el_width=\u00a0\u00bb70&Prime;]<div class=\"gap\" style=\"line-height: 40px; height: 40px;\"><\/div>[\/vc_column][\/vc_row][vc_row][vc_column width=\u00a0\u00bb2\/3&Prime;][vc_column_text]<\/p>\n<h2>Nous sommes l\u00e0 pour vous !<\/h2>\n<p style=\"text-align: justify;\">Au cours des derni\u00e8res ann\u00e9es, nous avons install\u00e9 plus de 1500 nouveaux ascenseurs. En tant qu&rsquo;entrepreneur g\u00e9n\u00e9ral, nous disposons d&rsquo;un savoir-faire unique en son genre et offrons l&rsquo;avantage de pouvoir prendre en charge la r\u00e9alisation de A \u00e0 Z avec une seule entreprise. Ceci signifie que nous sommes votre interlocuteur dans tous les secteurs de la construction d&rsquo;ascenseur :<\/p>\n<p><i class=\"fa fa-check\"><\/i> Mise en place de nouvelles installations<br \/>\n<i class=\"fa fa-check\"><\/i> Modernisation d&rsquo;installations existantes<br \/>\n<i class=\"fa fa-check\"><\/i> Maintenance & service<br \/>\n<i class=\"fa fa-check\"><\/i> D\u00e9pannage & appel d&rsquo;urgence<\/p>\n<p style=\"text-align: justify;\">Outre cela, nous vous garantissons une garantie de plusieurs ann\u00e9es sur les produits que nous utilisons.<\/p>\n<p style=\"text-align: justify;\">Gr\u00e2ce \u00e0 une exp\u00e9rience de longue date ainsi qu&rsquo;\u00e0 une excellente comp\u00e9tence professionnelle de nos collaborateurs et cadres, nous jouissons d&rsquo;une excellente r\u00e9putation aupr\u00e8s de nos partenaires commerciaux. Nous esp\u00e9rons continuer \u00e0 avoir autant de succ\u00e8s \u00e0 l&rsquo;avenir et \u00e0 pouvoir saisir de nouvelles chances sur le march\u00e9 gr\u00e2ce \u00e0 l&rsquo;utilisation de technologies \u00e0 la pointe du progr\u00e8s.<\/p>\n<p>[\/vc_column_text][\/vc_column][vc_column width=\u00a0\u00bb1\/3&Prime;][vc_single_image image=\u00a0\u00bb118&Prime; img_size=\u00a0\u00bbfull\u00a0\u00bb alignment=\u00a0\u00bbcenter\u00a0\u00bb css_animation=\u00a0\u00bbright-to-left\u00a0\u00bb][\/vc_column][\/vc_row][vc_row][vc_column]<div class=\"gap\" style=\"line-height: 40px; height: 40px;\"><\/div>[vc_separator el_width=\u00a0\u00bb70&Prime;]<div class=\"gap\" style=\"line-height: 40px; height: 40px;\"><\/div>[\/vc_column][\/vc_row]<\/p>","protected":false},"excerpt":{"rendered":"<p>[vc_row][vc_column][\/vc_column][\/vc_row][vc_row][vc_column width=\u00a0\u00bb1\/3&Prime;][vc_single_image image=\u00a0\u00bb113&Prime; img_size=\u00a0\u00bbfull\u00a0\u00bb alignment=\u00a0\u00bbcenter\u00a0\u00bb css_animation=\u00a0\u00bbleft-to-right\u00a0\u00bb][\/vc_column][vc_column width=\u00a0\u00bb2\/3&Prime;][vc_column_text] Notre charte La satisfaction de nos clients est notre crit\u00e8re principal ! Nous accordons une grande importance \u00e0 connaitre \u00e0 la perfection les souhaits et les attentes du donneur d&rsquo;ordre et \u00e0 proposer un service optimal, afin de pouvoir r\u00e9pondre \u00e0 ces attentes avec la meilleure qualit\u00e9 et&hellip;<\/p>\n","protected":false},"author":5,"featured_media":0,"parent":0,"menu_order":0,"comment_status":"closed","ping_status":"closed","template":"","meta":{"footnotes":""},"class_list":["post-21","page","type-page","status-publish","hentry","description-off"],"_links":{"self":[{"href":"https:\/\/www.nibra.at\/fr\/wp-json\/wp\/v2\/pages\/21","targetHints":{"allow":["GET"]}}],"collection":[{"href":"https:\/\/www.nibra.at\/fr\/wp-json\/wp\/v2\/pages"}],"about":[{"href":"https:\/\/www.nibra.at\/fr\/wp-json\/wp\/v2\/types\/page"}],"author":[{"embeddable":true,"href":"https:\/\/www.nibra.at\/fr\/wp-json\/wp\/v2\/users\/5"}],"replies":[{"embeddable":true,"href":"https:\/\/www.nibra.at\/fr\/wp-json\/wp\/v2\/comments?post=21"}],"version-history":[{"count":77,"href":"https:\/\/www.nibra.at\/fr\/wp-json\/wp\/v2\/pages\/21\/revisions"}],"predecessor-version":[{"id":1709,"href":"https:\/\/www.nibra.at\/fr\/wp-json\/wp\/v2\/pages\/21\/revisions\/1709"}],"wp:attachment":[{"href":"https:\/\/www.nibra.at\/fr\/wp-json\/wp\/v2\/media?parent=21"}],"curies":[{"name":"wp","href":"https:\/\/api.w.org\/{rel}","templated":true}]}}