{"id":1748,"date":"2025-07-09T12:13:04","date_gmt":"2025-07-09T11:13:04","guid":{"rendered":"https:\/\/www.nibra.at\/?page_id=1748"},"modified":"2025-07-09T12:13:04","modified_gmt":"2025-07-09T11:13:04","slug":"car","status":"publish","type":"page","link":"https:\/\/www.nibra.at\/fr\/car\/","title":{"rendered":"car"},"content":{"rendered":"<p>[vc_row full_width=\u00a0\u00bbtrue\u00a0\u00bb margin_top=\u00a0\u00bb-35px\u00a0\u00bb][vc_column][vc_single_image img_size=\u00a0\u00bbfull\u00a0\u00bb alignment=\u00a0\u00bbcenter\u00a0\u00bb onclick=\u00a0\u00bbcustom_link\u00a0\u00bb img_link_target=\u00a0\u00bb_blank\u00a0\u00bb link=\u00a0\u00bbhttps:\/\/www.google.com\/maps?ll=48.198286,16.315387&z=14&t=m&hl=de&gl=US&mapclient=embed&q=Flachgasse+52+1150+Wien\u00a0\u00bb][\/vc_column][\/vc_row][vc_row][vc_column]<div class=\"gap\" style=\"line-height: 40px; height: 40px;\"><\/div>[\/vc_column][\/vc_row][vc_row][vc_column width=\u00a0\u00bb1\/2&Prime;][vc_column_text]<\/p>\n<h2>Nous sommes heureux que vous ayez vu l&rsquo;une de nos voitures.<\/h2>\n<p>Vous trouverez ici toutes nos coordonn\u00e9es ou remplissez simplement le formulaire ci-dessous et nous vous contacterons dans les plus brefs d\u00e9lais.[\/vc_column_text]<div class=\"gap\" style=\"line-height: 20px; height: 20px;\"><\/div>\n<div class=\"wpcf7 no-js\" id=\"wpcf7-f1757-o6\" lang=\"en-US\" dir=\"ltr\">\n<div class=\"screen-reader-response\"><p role=\"status\" aria-live=\"polite\" aria-atomic=\"true\"><\/p> <ul><\/ul><\/div>\n<form action=\"\/fr\/wp-json\/wp\/v2\/pages\/1748#wpcf7-f1757-o6\" method=\"post\" class=\"wpcf7-form init\" aria-label=\"Contact form\" novalidate=\"novalidate\" data-status=\"init\">\n<div style=\"display: none;\">\n<input type=\"hidden\" name=\"_wpcf7\" value=\"1757\" \/>\n<input type=\"hidden\" name=\"_wpcf7_version\" value=\"5.9.8\" \/>\n<input type=\"hidden\" name=\"_wpcf7_locale\" value=\"en_US\" \/>\n<input type=\"hidden\" name=\"_wpcf7_unit_tag\" value=\"wpcf7-f1757-o6\" \/>\n<input type=\"hidden\" name=\"_wpcf7_container_post\" value=\"0\" \/>\n<input type=\"hidden\" name=\"_wpcf7_posted_data_hash\" value=\"\" \/>\n<input type=\"hidden\" name=\"_wpcf7_recaptcha_response\" value=\"\" \/>\n<\/div>\n<p>Votre nom (required)\n<\/p>\n<p><span class=\"wpcf7-form-control-wrap\" data-name=\"your-name\"><input size=\"40\" maxlength=\"400\" class=\"wpcf7-form-control wpcf7-text wpcf7-validates-as-required\" aria-required=\"true\" aria-invalid=\"false\" value=\"\" type=\"text\" name=\"your-name\" \/><\/span>\n<\/p>\n<p>Votre adresse e-mail (required)\n<\/p>\n<p><span class=\"wpcf7-form-control-wrap\" data-name=\"your-email\"><input size=\"40\" maxlength=\"400\" class=\"wpcf7-form-control wpcf7-email wpcf7-validates-as-required wpcf7-text wpcf7-validates-as-email\" aria-required=\"true\" aria-invalid=\"false\" value=\"\" type=\"email\" name=\"your-email\" \/><\/span>\n<\/p>\n<p>Subject\n<\/p>\n<p><span class=\"wpcf7-form-control-wrap\" data-name=\"recipient\"><select class=\"wpcf7-form-control wpcf7-select wpcf7-validates-as-required\" aria-required=\"true\" aria-invalid=\"false\" name=\"recipient\"><option value=\"\"><\/option><option value=\"customer inquiry\">customer inquiry<\/option><option value=\"Marketing\">Marketing<\/option><\/select><\/span>\n<\/p>\n<p>Votre Message\n<\/p>\n<p><span class=\"wpcf7-form-control-wrap\" data-name=\"your-message\"><textarea cols=\"40\" rows=\"10\" maxlength=\"2000\" class=\"wpcf7-form-control wpcf7-textarea\" aria-invalid=\"false\" name=\"your-message\"><\/textarea><\/span>\n<\/p>\n<p><span class=\"wpcf7-form-control-wrap\" data-name=\"checkbox-192\"><span class=\"wpcf7-form-control wpcf7-checkbox wpcf7-validates-as-required\"><span class=\"wpcf7-list-item first last\"><input type=\"checkbox\" name=\"checkbox-192[]\" value=\"J&#039;accepte que mes donn\u00e9es soient trait\u00e9es et stock\u00e9es conform\u00e9ment \u00e0 la politique de confidentialit\u00e9.\" \/><span class=\"wpcf7-list-item-label\">J&#039;accepte que mes donn\u00e9es soient trait\u00e9es et stock\u00e9es conform\u00e9ment \u00e0 la politique de confidentialit\u00e9.<\/span><\/span><\/span><\/span>\n<\/p>\n<p><input class=\"wpcf7-form-control wpcf7-submit has-spinner\" type=\"submit\" value=\"Envoyer un message\" \/>\n<\/p><p style=\"display: none !important;\" class=\"akismet-fields-container\" data-prefix=\"_wpcf7_ak_\"><label>&#916;<textarea name=\"_wpcf7_ak_hp_textarea\" cols=\"45\" rows=\"8\" maxlength=\"100\"><\/textarea><\/label><input type=\"hidden\" id=\"ak_js_6\" name=\"_wpcf7_ak_js\" value=\"198\"\/><script>document.getElementById( \"ak_js_6\" ).setAttribute( \"value\", ( new Date() ).getTime() );<\/script><\/p><div class=\"wpcf7-response-output\" aria-hidden=\"true\"><\/div>\n<\/form>\n<\/div>\n<div class=\"gap\" style=\"line-height: 40px; height: 40px;\"><\/div>[\/vc_column][vc_column width=\u00a0\u00bb1\/2&Prime;][vc_single_image image=\u00a0\u00bb1751&Prime; img_size=\u00a0\u00bbfull\u00a0\u00bb alignment=\u00a0\u00bbcenter\u00a0\u00bb]<div class=\"gap\" style=\"line-height: 20px; height: 20px;\"><\/div>[vc_column_text]<\/p>\n<h2 style=\"text-align: center;\">Centrale Vienne<\/h2>\n<p style=\"text-align: center;\">Flachgasse 52 1150 Vienne, Autriche<br \/>\n<strong>T\u00e9l:<\/strong> +43 1 893 08 71<br \/>\n<strong>Fax:<\/strong> +43 1 893 08 32<br \/>\n<strong>E-Mail:<\/strong> office@nibra.at<\/p>\n<h2 style=\"text-align: center;\"><\/h2>\n<p>[\/vc_column_text]<div class=\"gap\" style=\"line-height: 40px; height: 40px;\"><\/div>[vc_column_text]<\/p>\n<h4 style=\"text-align: center;\">BUREAU &#8211; HEURES D&rsquo;OUVERTURE<\/h4>\n<p style=\"text-align: center;\">Lundi &#8211; jeudi : 07h00 \u2013 16h30<br \/>\nVendredi : 07h00 \u2013 14h00<\/p>\n<p>[\/vc_column_text]<div class=\"gap\" style=\"line-height: 40px; height: 40px;\"><\/div>[\/vc_column][\/vc_row]<\/p>","protected":false},"excerpt":{"rendered":"<p>[vc_row full_width=\u00a0\u00bbtrue\u00a0\u00bb margin_top=\u00a0\u00bb-35px\u00a0\u00bb][vc_column][vc_single_image img_size=\u00a0\u00bbfull\u00a0\u00bb alignment=\u00a0\u00bbcenter\u00a0\u00bb onclick=\u00a0\u00bbcustom_link\u00a0\u00bb img_link_target=\u00a0\u00bb_blank\u00a0\u00bb link=\u00a0\u00bbhttps:\/\/www.google.com\/maps?ll=48.198286,16.315387&#038;z=14&#038;t=m&#038;hl=de&#038;gl=US&#038;mapclient=embed&#038;q=Flachgasse+52+1150+Wien\u00a0\u00bb][\/vc_column][\/vc_row][vc_row][vc_column][\/vc_column][\/vc_row][vc_row][vc_column width=\u00a0\u00bb1\/2&Prime;][vc_column_text] Nous sommes heureux que vous ayez vu l&rsquo;une de nos voitures. Vous trouverez ici toutes nos coordonn\u00e9es ou remplissez simplement le formulaire ci-dessous et nous vous contacterons dans les plus brefs d\u00e9lais.[\/vc_column_text][\/vc_column][vc_column width=\u00a0\u00bb1\/2&Prime;][vc_single_image image=\u00a0\u00bb1751&Prime; img_size=\u00a0\u00bbfull\u00a0\u00bb alignment=\u00a0\u00bbcenter\u00a0\u00bb][vc_column_text] Centrale Vienne Flachgasse 52 1150 Vienne, Autriche T\u00e9l: +43 1&hellip;<\/p>\n","protected":false},"author":7,"featured_media":0,"parent":0,"menu_order":0,"comment_status":"closed","ping_status":"closed","template":"","meta":{"footnotes":""},"class_list":["post-1748","page","type-page","status-publish","hentry","description-off"],"_links":{"self":[{"href":"https:\/\/www.nibra.at\/fr\/wp-json\/wp\/v2\/pages\/1748","targetHints":{"allow":["GET"]}}],"collection":[{"href":"https:\/\/www.nibra.at\/fr\/wp-json\/wp\/v2\/pages"}],"about":[{"href":"https:\/\/www.nibra.at\/fr\/wp-json\/wp\/v2\/types\/page"}],"author":[{"embeddable":true,"href":"https:\/\/www.nibra.at\/fr\/wp-json\/wp\/v2\/users\/7"}],"replies":[{"embeddable":true,"href":"https:\/\/www.nibra.at\/fr\/wp-json\/wp\/v2\/comments?post=1748"}],"version-history":[{"count":5,"href":"https:\/\/www.nibra.at\/fr\/wp-json\/wp\/v2\/pages\/1748\/revisions"}],"predecessor-version":[{"id":1761,"href":"https:\/\/www.nibra.at\/fr\/wp-json\/wp\/v2\/pages\/1748\/revisions\/1761"}],"wp:attachment":[{"href":"https:\/\/www.nibra.at\/fr\/wp-json\/wp\/v2\/media?parent=1748"}],"curies":[{"name":"wp","href":"https:\/\/api.w.org\/{rel}","templated":true}]}}