{"id":83,"date":"2014-09-10T08:16:12","date_gmt":"2014-09-10T06:16:12","guid":{"rendered":"http:\/\/www.nibra.at\/BETA\/?page_id=83"},"modified":"2016-05-09T08:08:46","modified_gmt":"2016-05-09T07:08:46","slug":"impressum","status":"publish","type":"page","link":"https:\/\/www.nibra.at\/es\/impressum\/","title":{"rendered":"Aviso legal"},"content":{"rendered":"<p><strong>En conformidad con el \u00a7 5 LCE:<\/strong><\/p>\n<p><strong>Instalaci\u00f3n de ascensores-Servicio de ascensores-T\u00e9cnica de transporte NIBRA GesmbH<\/strong><\/p>\n<p>Flachgasse 52<br \/>\n1150 Viena<br \/>\nAustria<br \/>\nTel\u00e9fono: +43 1 893 08 71<br \/>\nFax: +43 1 893 08 32<br \/>\noffice@nibra.at<br \/>\nwww.nibra.at<\/p>\n<p><strong>N\u00famero de inscripci\u00f3n en el Registro Mercantil:<\/strong><br \/>\nNr.\u00ba 85190f, HG Viena<\/p>\n<p>N\u00famero de identificaci\u00f3n a efectos del IVA en con arreglo al \u00a7 27 de la ley del impuesto sobre la venta.<br \/>\nATU 15660201<\/p>\n<p><strong>Registro de procesamiento de datos:<\/strong><br \/>\nDVR 0031585<\/p>\n<p><strong>N\u00famero del contratador:<\/strong><br \/>\n700468495<\/p>\n<p><strong>Propietario:<\/strong><br \/>\nNikolaus Brada<\/p>\n<p><strong>Autoridad comercial:<\/strong><br \/>\nAutoridad municipal de Viena<\/p>\n<p><strong>Representaci\u00f3n de intereses laborales:<\/strong><br \/>\nC\u00e1mara de Comercio de Viena, gremio de Ingenier\u00eda Mecatr\u00f3nica<\/p>\n<p>Informaci\u00f3n sobre comercio electr\u00f3nico y ley sobre medios de comunicaci\u00f3n<\/p>\n<p><a style=\"color: #008a43;\" href=\"http:\/\/www.wkoecg.at\/Web\/Ecg.aspx?FirmaID=2d722214-0419-4a60-a8fa-72c2af92a3cf\" target=\"_blank\"><img decoding=\"async\" style=\"font-style: inherit;\" src=\"http:\/\/www.wkoecg.at\/Web\/Library\/img\/ecg.gif\" alt=\"Informationen zu E-Commerce und Mediengesetz\" \/><\/a><\/p>","protected":false},"excerpt":{"rendered":"<p>En conformidad con el \u00a7 5 LCE: Instalaci\u00f3n de ascensores-Servicio de ascensores-T\u00e9cnica de transporte NIBRA GesmbH Flachgasse 52 1150 Viena Austria Tel\u00e9fono: +43 1 893 08 71 Fax: +43 1 893 08 32 office@nibra.at www.nibra.at N\u00famero de inscripci\u00f3n en el Registro Mercantil: Nr.\u00ba 85190f, HG Viena N\u00famero de identificaci\u00f3n a efectos del IVA en con&hellip;<\/p>\n","protected":false},"author":1,"featured_media":0,"parent":0,"menu_order":0,"comment_status":"closed","ping_status":"closed","template":"","meta":{"footnotes":""},"class_list":["post-83","page","type-page","status-publish","hentry","description-off"],"_links":{"self":[{"href":"https:\/\/www.nibra.at\/es\/wp-json\/wp\/v2\/pages\/83","targetHints":{"allow":["GET"]}}],"collection":[{"href":"https:\/\/www.nibra.at\/es\/wp-json\/wp\/v2\/pages"}],"about":[{"href":"https:\/\/www.nibra.at\/es\/wp-json\/wp\/v2\/types\/page"}],"author":[{"embeddable":true,"href":"https:\/\/www.nibra.at\/es\/wp-json\/wp\/v2\/users\/1"}],"replies":[{"embeddable":true,"href":"https:\/\/www.nibra.at\/es\/wp-json\/wp\/v2\/comments?post=83"}],"version-history":[{"count":26,"href":"https:\/\/www.nibra.at\/es\/wp-json\/wp\/v2\/pages\/83\/revisions"}],"predecessor-version":[{"id":1459,"href":"https:\/\/www.nibra.at\/es\/wp-json\/wp\/v2\/pages\/83\/revisions\/1459"}],"wp:attachment":[{"href":"https:\/\/www.nibra.at\/es\/wp-json\/wp\/v2\/media?parent=83"}],"curies":[{"name":"wp","href":"https:\/\/api.w.org\/{rel}","templated":true}]}}